{"id":361,"date":"2019-09-20T09:18:49","date_gmt":"2019-09-20T09:18:49","guid":{"rendered":"https:\/\/kammerjaeger-alfeld.de\/?page_id=361"},"modified":"2019-10-16T12:47:04","modified_gmt":"2019-10-16T12:47:04","slug":"ansprechpartner","status":"publish","type":"page","link":"https:\/\/peter-glass.de\/index.php\/ansprechpartner\/","title":{"rendered":"Ansprechpartner"},"content":{"rendered":"<p><div class=\"fusion-fullwidth fullwidth-box fusion-builder-row-1 nonhundred-percent-fullwidth non-hundred-percent-height-scrolling\" style=\"background-color: #eeb30d;background-position: center center;background-repeat: no-repeat;padding-top:0px;padding-right:0px;padding-bottom:0px;padding-left:0px;margin-bottom: 0px;margin-top: 0px;border-width: 0px 0px 0px 0px;border-color:#eae9e9;border-style:solid;\" ><div class=\"fusion-builder-row fusion-row\"><div class=\"fusion-layout-column fusion_builder_column fusion-builder-column-0 fusion_builder_column_1_1 1_1 fusion-one-full fusion-column-first fusion-column-last\" style=\"margin-top:0px;margin-bottom:0px;\"><div class=\"fusion-column-wrapper fusion-flex-column-wrapper-legacy\" style=\"background-position:left top;background-repeat:no-repeat;-webkit-background-size:cover;-moz-background-size:cover;-o-background-size:cover;background-size:cover;padding: 0px 0px 0px 0px;\"><style type=\"text\/css\"><\/style><div class=\"fusion-title title fusion-title-1 fusion-sep-none fusion-title-text fusion-title-size-one\" style=\"margin-top:45px;margin-right:0px;margin-bottom:0px;margin-left:0px;\"><h1 class=\"title-heading-left fusion-responsive-typography-calculated\" style=\"margin:0;color:#0f4ead;--fontSize:36;line-height:1.4;\">Ansprechpartner<\/h1><\/div><div class=\"fusion-clearfix\"><\/div><\/div><\/div><\/div><\/div><div class=\"fusion-fullwidth fullwidth-box fusion-builder-row-2 nonhundred-percent-fullwidth non-hundred-percent-height-scrolling\" style=\"background-color: rgba(255,255,255,0);background-position: center center;background-repeat: no-repeat;padding-top:0px;padding-right:0px;padding-bottom:0px;padding-left:0px;margin-bottom: 0px;margin-top: 0px;border-width: 0px 0px 0px 0px;border-color:#eae9e9;border-style:solid;\" ><div class=\"fusion-builder-row fusion-row\"><div class=\"fusion-layout-column fusion_builder_column fusion-builder-column-1 fusion_builder_column_1_1 1_1 fusion-one-full fusion-column-first fusion-column-last\" style=\"margin-top:0px;margin-bottom:20px;\"><div class=\"fusion-column-wrapper fusion-flex-column-wrapper-legacy\" style=\"background-position:left top;background-repeat:no-repeat;-webkit-background-size:cover;-moz-background-size:cover;-o-background-size:cover;background-size:cover;padding: 0px 0px 0px 0px;\"><div class=\"fusion-section-separator section-separator big-half-circle fusion-section-separator-1\"><div class=\"fusion-section-separator-svg\" style=\"padding:0;margin-left: 0px;margin-right: 0px;\"><svg class=\"fusion-big-half-circle-candy\" xmlns=\"http:\/\/www.w3.org\/2000\/svg\" version=\"1.1\" width=\"100%\" height=\"100\" viewBox=\"0 0 100 100\" preserveAspectRatio=\"none\" style=\"padding:0;\" fill=\"rgba(238,179,13,1)\"><path d=\"M0 0 C55 180 100 0 100 0 Z\"><\/path><\/svg><\/div><div class=\"fusion-section-separator-spacer\"><div class=\"fusion-section-separator-spacer-height\" style=\"height:99px;\"><\/div><\/div><\/div><div class=\"fusion-clearfix\"><\/div><\/div><\/div><div class=\"fusion-layout-column fusion_builder_column fusion-builder-column-2 fusion_builder_column_1_1 1_1 fusion-one-full fusion-column-first fusion-column-last\" style=\"margin-top:0px;margin-bottom:20px;\"><div class=\"fusion-column-wrapper fusion-flex-column-wrapper-legacy\" style=\"background-position:left top;background-repeat:no-repeat;-webkit-background-size:cover;-moz-background-size:cover;-o-background-size:cover;background-size:cover;padding: 0px 0px 0px 0px;\"><div class=\"fusion-text fusion-text-1\"><p>Wir\u00a0sind ein Experten-Team\u00a0mit\u00a0mehrj\u00e4hrigen Erfahrungen und vielf\u00e4ltigen Qualifikationen:<\/p>\n<\/div><div class=\"fusion-clearfix\"><\/div><\/div><\/div><div class=\"fusion-layout-column fusion_builder_column fusion-builder-column-3 fusion_builder_column_1_2 1_2 fusion-one-half fusion-column-first\" style=\"width:50%;width:calc(50% - ( ( 4% ) * 0.5 ) );margin-right: 4%;margin-top:0px;margin-bottom:20px;\"><div class=\"fusion-column-wrapper fusion-flex-column-wrapper-legacy\" style=\"background-position:left top;background-repeat:no-repeat;-webkit-background-size:cover;-moz-background-size:cover;-o-background-size:cover;background-size:cover;padding: 0px 0px 0px 0px;\"><div class=\"fusion-text fusion-text-2\"><p><span class=\" fusion-imageframe imageframe-dropshadow imageframe-1 hover-type-none\" style=\"-webkit-box-shadow: 3px 3px 7px rgba(0,0,0,0.3);box-shadow: 3px 3px 7px rgba(0,0,0,0.3);margin-right:25px;float:left;\"><img decoding=\"async\" width=\"140\" height=\"197\" alt=\"Peter Gla\u00df\" title=\"peterglass\" src=\"https:\/\/peter-glass.de\/wp-content\/uploads\/2019\/09\/peterglass.jpeg\" class=\"img-responsive wp-image-362\"\/><\/span><strong>Peter Gla\u00df<\/strong><br \/>\nInhaber, IHK-gepr\u00fcfter Sch\u00e4dlingsbek\u00e4mpfer, G\u00e4rtnermeister, Sch\u00e4dlingsbek\u00e4mpfung, Monitoring und Beratung zu Hygienefragen<\/p>\n<\/div><div class=\"fusion-sep-clear\"><\/div><div class=\"fusion-separator fusion-full-width-sep\" style=\"margin-left: auto;margin-right: auto;margin-top:25px;width:100%;\"><\/div><div class=\"fusion-sep-clear\"><\/div><ul class=\"fusion-checklist fusion-checklist-1 fusion-checklist-divider\" style=\"font-size:22px;line-height:37.4px;\"><li style=\"border-bottom-color:#da9f07;background-color:rgba(255,255,255,0);\" class=\"fusion-li-item\"><span style=\"height:37.4px;width:37.4px;margin-right:15.4px;\" class=\"icon-wrapper circle-no\"><i class=\"fusion-li-icon fa-check fas\" style=\"color:#0f4ead;\" aria-hidden=\"true\"><\/i><\/span><div class=\"fusion-li-item-content\" style=\"margin-left:52.8px;color:#747474;\">\n<p>G\u00e4rtnermeister,\u00a0 gepr\u00fcfter Wirtschafter des Gartenbaus, Fachrichtung Baumschule<\/p>\n<\/div><\/li><li style=\"border-bottom-color:#da9f07;background-color:rgba(255,255,255,0);\" class=\"fusion-li-item\"><span style=\"height:37.4px;width:37.4px;margin-right:15.4px;\" class=\"icon-wrapper circle-no\"><i class=\"fusion-li-icon fa-check fas\" style=\"color:#0f4ead;\" aria-hidden=\"true\"><\/i><\/span><div class=\"fusion-li-item-content\" style=\"margin-left:52.8px;color:#747474;\">\n<p>IHK gepr\u00fcfte\/-r Sch\u00e4dlingsbek\u00e4mpfer\/-in<\/p>\n<\/div><\/li><li style=\"border-bottom-color:#da9f07;background-color:rgba(255,255,255,0);\" class=\"fusion-li-item\"><span style=\"height:37.4px;width:37.4px;margin-right:15.4px;\" class=\"icon-wrapper circle-no\"><i class=\"fusion-li-icon fa-check fas\" style=\"color:#0f4ead;\" aria-hidden=\"true\"><\/i><\/span><div class=\"fusion-li-item-content\" style=\"margin-left:52.8px;color:#747474;\">\n<p>Ausbilder<\/p>\n<\/div><\/li><\/ul><div class=\"fusion-clearfix\"><\/div><\/div><\/div><div class=\"fusion-layout-column fusion_builder_column fusion-builder-column-4 fusion_builder_column_1_2 1_2 fusion-one-half fusion-column-last\" style=\"width:50%;width:calc(50% - ( ( 4% ) * 0.5 ) );margin-top:0px;margin-bottom:20px;\"><div class=\"fusion-column-wrapper fusion-flex-column-wrapper-legacy\" style=\"background-position:left top;background-repeat:no-repeat;-webkit-background-size:cover;-moz-background-size:cover;-o-background-size:cover;background-size:cover;padding: 0px 0px 0px 0px;\"><div class=\"fusion-text fusion-text-3\"><p><span class=\" fusion-imageframe imageframe-dropshadow imageframe-2 hover-type-none\" style=\"-webkit-box-shadow: 3px 3px 7px rgba(0,0,0,0.3);box-shadow: 3px 3px 7px rgba(0,0,0,0.3);margin-right:25px;float:left;\"><img decoding=\"async\" width=\"140\" height=\"192\" alt=\"Meike Gla\u00df\" title=\"meikeglass\" src=\"https:\/\/peter-glass.de\/wp-content\/uploads\/2019\/09\/meikeglass.jpeg\" class=\"img-responsive wp-image-363\"\/><\/span><strong>Meike Gla\u00df<br \/>\n<\/strong> Erwachsenenbildnerin, Hygienebeauftragte, EFQM-Assessorin, Personalschulungen, Hygienekonzeptionen und interne Qualit\u00e4tsbewertung (EFQM)<\/p>\n<\/div><div class=\"fusion-sep-clear\"><\/div><div class=\"fusion-separator fusion-full-width-sep\" style=\"margin-left: auto;margin-right: auto;margin-top:25px;width:100%;\"><\/div><div class=\"fusion-sep-clear\"><\/div><ul class=\"fusion-checklist fusion-checklist-2 fusion-checklist-divider\" style=\"font-size:22px;line-height:37.4px;\"><li style=\"border-bottom-color:#da9f07;background-color:rgba(255,255,255,0);\" class=\"fusion-li-item\"><span style=\"height:37.4px;width:37.4px;margin-right:15.4px;\" class=\"icon-wrapper circle-no\"><i class=\"fusion-li-icon fa-check fas\" style=\"color:#0f4ead;\" aria-hidden=\"true\"><\/i><\/span><div class=\"fusion-li-item-content\" style=\"margin-left:52.8px;color:#747474;\">\n<p>EFQM-Assessorin (Profit- und Non-Profit-Bereich)<\/p>\n<\/div><\/li><li style=\"border-bottom-color:#da9f07;background-color:rgba(255,255,255,0);\" class=\"fusion-li-item\"><span style=\"height:37.4px;width:37.4px;margin-right:15.4px;\" class=\"icon-wrapper circle-no\"><i class=\"fusion-li-icon fa-check fas\" style=\"color:#0f4ead;\" aria-hidden=\"true\"><\/i><\/span><div class=\"fusion-li-item-content\" style=\"margin-left:52.8px;color:#747474;\">\n<p>QM-Beraterin<\/p>\n<\/div><\/li><li style=\"border-bottom-color:#da9f07;background-color:rgba(255,255,255,0);\" class=\"fusion-li-item\"><span style=\"height:37.4px;width:37.4px;margin-right:15.4px;\" class=\"icon-wrapper circle-no\"><i class=\"fusion-li-icon fa-check fas\" style=\"color:#0f4ead;\" aria-hidden=\"true\"><\/i><\/span><div class=\"fusion-li-item-content\" style=\"margin-left:52.8px;color:#747474;\">\n<p>Erwachsenenbildnerin<\/p>\n<\/div><\/li><li style=\"border-bottom-color:#da9f07;background-color:rgba(255,255,255,0);\" class=\"fusion-li-item\"><span style=\"height:37.4px;width:37.4px;margin-right:15.4px;\" class=\"icon-wrapper circle-no\"><i class=\"fusion-li-icon fa-check fas\" style=\"color:#0f4ead;\" aria-hidden=\"true\"><\/i><\/span><div class=\"fusion-li-item-content\" style=\"margin-left:52.8px;color:#747474;\">\n<p>Hygienebauftragte<\/p>\n<\/div><\/li><\/ul><div class=\"fusion-clearfix\"><\/div><\/div><\/div><\/div><\/div><div class=\"fusion-fullwidth fullwidth-box fusion-builder-row-3 fusion-parallax-fixed nonhundred-percent-fullwidth non-hundred-percent-height-scrolling\" style=\"background-color: rgba(255,255,255,0);background-image: url(&quot;https:\/\/peter-glass.de\/wp-content\/uploads\/2019\/09\/kakerlakeback.jpg&quot;);background-position: center center;background-repeat: no-repeat;padding-top:100px;padding-right:0px;padding-bottom:100px;padding-left:0px;margin-bottom: 0px;margin-top: 0px;border-width: 0px 0px 0px 0px;border-color:#eae9e9;border-style:solid;-webkit-background-size:cover;-moz-background-size:cover;-o-background-size:cover;background-size:cover;background-attachment:fixed;\" ><div class=\"fusion-builder-row fusion-row\"><div class=\"fusion-layout-column fusion_builder_column fusion-builder-column-5 fusion_builder_column_1_4 1_4 fusion-one-fourth fusion-column-first fusion-animated\" style=\"width:25%;width:calc(25% - ( ( 4% + 4% + 4% ) * 0.25 ) );margin-right: 4%;margin-top:0px;margin-bottom:20px;\" data-animationType=\"slideInLeft\" data-animationDuration=\"1.0\" data-animationOffset=\"top-into-view\"><div class=\"fusion-column-wrapper fusion-flex-column-wrapper-legacy\" style=\"background-position:left top;background-repeat:no-repeat;-webkit-background-size:cover;-moz-background-size:cover;-o-background-size:cover;background-size:cover;padding: 0px 0px 0px 0px;\"><style type=\"text\/css\"><\/style><div class=\"fusion-title title fusion-title-2 fusion-sep-none fusion-title-center fusion-title-text fusion-title-size-two\" style=\"margin-top:0px;margin-right:0px;margin-bottom:31px;margin-left:0px;\"><h2 class=\"title-heading-center fusion-responsive-typography-calculated\" style=\"margin:0;color:#ffffff;--fontSize:22;--minFontSize:22px;line-height:1.5;\"><span style=\"color: #ffffff;\"><a style=\"color: #ffffff;\" href=\"https:\/\/peter-glass.de\/index.php\/hygiene\/\"><strong>Hygiene<\/strong><\/a><\/span><\/h2><\/div><div class=\"imageframe-align-center\"><span class=\" fusion-imageframe imageframe-none imageframe-3 hover-type-zoomin\"><a class=\"fusion-no-lightbox\" href=\"https:\/\/peter-glass.de\/index.php\/hygiene\/\" target=\"_self\" aria-label=\"hygiene\"><img decoding=\"async\" width=\"200\" height=\"200\" alt=\"Hygiene\" src=\"https:\/\/peter-glass.de\/wp-content\/uploads\/2019\/09\/hygiene.png\" class=\"img-responsive wp-image-47\" srcset=\"https:\/\/peter-glass.de\/wp-content\/uploads\/2019\/09\/hygiene-66x66.png 66w, https:\/\/peter-glass.de\/wp-content\/uploads\/2019\/09\/hygiene-150x150.png 150w, https:\/\/peter-glass.de\/wp-content\/uploads\/2019\/09\/hygiene.png 200w\" sizes=\"(max-width: 200px) 100vw, 200px\" \/><\/a><\/span><\/div><div class=\"fusion-clearfix\"><\/div><\/div><\/div><div class=\"fusion-layout-column fusion_builder_column fusion-builder-column-6 fusion_builder_column_1_4 1_4 fusion-one-fourth fusion-animated\" style=\"width:25%;width:calc(25% - ( ( 4% + 4% + 4% ) * 0.25 ) );margin-right: 4%;margin-top:0px;margin-bottom:20px;\" data-animationType=\"slideInDown\" data-animationDuration=\"1.0\" data-animationOffset=\"top-into-view\"><div class=\"fusion-column-wrapper fusion-flex-column-wrapper-legacy\" style=\"background-position:left top;background-repeat:no-repeat;-webkit-background-size:cover;-moz-background-size:cover;-o-background-size:cover;background-size:cover;padding: 0px 0px 0px 0px;\"><style type=\"text\/css\"><\/style><div class=\"fusion-title title fusion-title-3 fusion-sep-none fusion-title-center fusion-title-text fusion-title-size-two\" style=\"margin-top:0px;margin-right:0px;margin-bottom:31px;margin-left:0px;\"><h2 class=\"title-heading-center fusion-responsive-typography-calculated\" style=\"margin:0;color:#ffffff;--fontSize:22;--minFontSize:22px;line-height:1.5;\"><span style=\"color: #ffffff;\"><a style=\"color: #ffffff;\" href=\"https:\/\/peter-glass.de\/index.php\/schaedlingsbekaempfung\/\"><strong>Sch\u00e4dlingsbek\u00e4mpfung<\/strong><\/a><\/span><\/h2><\/div><div class=\"imageframe-align-center\"><span class=\" fusion-imageframe imageframe-none imageframe-4 hover-type-zoomin\"><a class=\"fusion-no-lightbox\" href=\"https:\/\/peter-glass.de\/index.php\/schaedlingsbekaempfung\/\" target=\"_self\" aria-label=\"hygiene\"><img decoding=\"async\" width=\"200\" height=\"200\" alt=\"Sch\u00e4dlingsbek\u00e4mpfung\" src=\"https:\/\/peter-glass.de\/wp-content\/uploads\/2022\/08\/hygiene.png\" class=\"img-responsive wp-image-425\" srcset=\"https:\/\/peter-glass.de\/wp-content\/uploads\/2022\/08\/hygiene-66x66.png 66w, https:\/\/peter-glass.de\/wp-content\/uploads\/2022\/08\/hygiene-150x150.png 150w, https:\/\/peter-glass.de\/wp-content\/uploads\/2022\/08\/hygiene.png 200w\" sizes=\"(max-width: 200px) 100vw, 200px\" \/><\/a><\/span><\/div><div class=\"fusion-clearfix\"><\/div><\/div><\/div><div class=\"fusion-layout-column fusion_builder_column fusion-builder-column-7 fusion_builder_column_1_4 1_4 fusion-one-fourth fusion-animated\" style=\"width:25%;width:calc(25% - ( ( 4% + 4% + 4% ) * 0.25 ) );margin-right: 4%;margin-top:0px;margin-bottom:20px;\" data-animationType=\"slideInUp\" data-animationDuration=\"1.0\" data-animationOffset=\"top-into-view\"><div class=\"fusion-column-wrapper fusion-flex-column-wrapper-legacy\" style=\"background-position:left top;background-repeat:no-repeat;-webkit-background-size:cover;-moz-background-size:cover;-o-background-size:cover;background-size:cover;padding: 0px 0px 0px 0px;\"><style type=\"text\/css\"><\/style><div class=\"fusion-title title fusion-title-4 fusion-sep-none fusion-title-center fusion-title-text fusion-title-size-two\" style=\"margin-top:0px;margin-right:0px;margin-bottom:31px;margin-left:0px;\"><h2 class=\"title-heading-center fusion-responsive-typography-calculated\" style=\"margin:0;color:#ffffff;--fontSize:22;--minFontSize:22px;line-height:1.5;\"><a href=\"https:\/\/peter-glass.de\/index.php\/schulungen\/\"><span style=\"color: #ffffff;\"><strong>Schulungen<\/strong><\/span><\/a><\/h2><\/div><div class=\"imageframe-align-center\"><span class=\" fusion-imageframe imageframe-none imageframe-5 hover-type-zoomin\"><a class=\"fusion-no-lightbox\" href=\"https:\/\/peter-glass.de\/index.php\/schulungen\/\" target=\"_self\" aria-label=\"schulungen\"><img decoding=\"async\" width=\"200\" height=\"200\" alt=\"Schulungen\" src=\"https:\/\/peter-glass.de\/wp-content\/uploads\/2019\/09\/schulungen.png\" class=\"img-responsive wp-image-49\" srcset=\"https:\/\/peter-glass.de\/wp-content\/uploads\/2019\/09\/schulungen-66x66.png 66w, https:\/\/peter-glass.de\/wp-content\/uploads\/2019\/09\/schulungen-150x150.png 150w, https:\/\/peter-glass.de\/wp-content\/uploads\/2019\/09\/schulungen.png 200w\" sizes=\"(max-width: 200px) 100vw, 200px\" \/><\/a><\/span><\/div><div class=\"fusion-clearfix\"><\/div><\/div><\/div><div class=\"fusion-layout-column fusion_builder_column fusion-builder-column-8 fusion_builder_column_1_4 1_4 fusion-one-fourth fusion-column-last fusion-animated\" style=\"width:25%;width:calc(25% - ( ( 4% + 4% + 4% ) * 0.25 ) );margin-top:0px;margin-bottom:20px;\" data-animationType=\"slideInRight\" data-animationDuration=\"1.0\" data-animationOffset=\"top-into-view\"><div class=\"fusion-column-wrapper fusion-flex-column-wrapper-legacy\" style=\"background-position:left top;background-repeat:no-repeat;-webkit-background-size:cover;-moz-background-size:cover;-o-background-size:cover;background-size:cover;padding: 0px 0px 0px 0px;\"><style type=\"text\/css\"><\/style><div class=\"fusion-title title fusion-title-5 fusion-sep-none fusion-title-center fusion-title-text fusion-title-size-two\" style=\"margin-top:0px;margin-right:0px;margin-bottom:31px;margin-left:0px;\"><h2 class=\"title-heading-center fusion-responsive-typography-calculated\" style=\"margin:0;color:#ffffff;--fontSize:22;--minFontSize:22px;line-height:1.5;\"><span style=\"color: #ffffff;\"><a style=\"color: #ffffff;\" href=\"https:\/\/peter-glass.de\/index.php\/weiter-leistungen\/\"><strong>weitere Leistungen<\/strong><\/a><\/span><\/h2><\/div><div class=\"imageframe-align-center\"><span class=\" fusion-imageframe imageframe-none imageframe-6 hover-type-zoomin\"><a class=\"fusion-no-lightbox\" href=\"https:\/\/peter-glass.de\/index.php\/weiter-leistungen\/\" target=\"_self\" aria-label=\"weitere_leistungen\"><img decoding=\"async\" width=\"200\" height=\"200\" alt=\"weitere Leistungen\" src=\"https:\/\/peter-glass.de\/wp-content\/uploads\/2019\/09\/weitere_leistungen.png\" class=\"img-responsive wp-image-53\" srcset=\"https:\/\/peter-glass.de\/wp-content\/uploads\/2019\/09\/weitere_leistungen-66x66.png 66w, https:\/\/peter-glass.de\/wp-content\/uploads\/2019\/09\/weitere_leistungen-150x150.png 150w, https:\/\/peter-glass.de\/wp-content\/uploads\/2019\/09\/weitere_leistungen.png 200w\" sizes=\"(max-width: 200px) 100vw, 200px\" \/><\/a><\/span><\/div><div class=\"fusion-clearfix\"><\/div><\/div><\/div><\/div><\/div>\n<div class=\"fusion-fullwidth fullwidth-box fusion-builder-row-4 nonhundred-percent-fullwidth non-hundred-percent-height-scrolling\" style=\"background-color: rgba(255,255,255,0);background-position: center center;background-repeat: no-repeat;padding-top:0px;padding-right:0px;padding-bottom:0px;padding-left:0px;margin-bottom: 0px;margin-top: 0px;border-width: 0px 0px 0px 0px;border-color:#eae9e9;border-style:solid;\" ><div class=\"fusion-builder-row fusion-row\"><div class=\"fusion-layout-column fusion_builder_column fusion-builder-column-9 fusion_builder_column_1_1 1_1 fusion-one-full fusion-column-first fusion-column-last\" style=\"margin-top:0px;margin-bottom:20px;\"><div class=\"fusion-column-wrapper fusion-flex-column-wrapper-legacy\" style=\"background-position:left top;background-repeat:no-repeat;-webkit-background-size:cover;-moz-background-size:cover;-o-background-size:cover;background-size:cover;padding: 0px 0px 0px 0px;\"><style type=\"text\/css\"><\/style><div class=\"fusion-title title fusion-title-6 fusion-sep-none fusion-title-center fusion-title-text fusion-title-size-two\" style=\"font-size:36px;margin-top:25px;margin-right:0px;margin-bottom:31px;margin-left:0px;\"><h2 class=\"title-heading-center fusion-responsive-typography-calculated\" style=\"margin:0;font-size:1em;letter-spacing:15px;color:#fcb900;--fontSize:36;line-height:1.5;\"><strong>Verb\u00e4nde und Vereine<\/strong><\/h2><\/div><div class=\"fusion-image-carousel fusion-image-carousel-fixed fusion-image-carousel-1\"><div class=\"fusion-carousel\" data-autoplay=\"no\" data-columns=\"3\" data-itemmargin=\"12\" data-itemwidth=\"180\" data-touchscroll=\"no\" data-imagesize=\"fixed\"><div class=\"fusion-carousel-positioner\"><ul class=\"fusion-carousel-holder\"><li class=\"fusion-carousel-item\"><div class=\"fusion-carousel-item-wrapper\"><div class=\"fusion-image-wrapper hover-type-zoomin\"><img decoding=\"async\" width=\"460\" height=\"200\" src=\"https:\/\/peter-glass.de\/wp-content\/uploads\/2019\/09\/2009_2-460x200.png\" class=\"attachment-portfolio-two size-portfolio-two\" alt=\"\" \/><\/div><\/div><\/li><li class=\"fusion-carousel-item\"><div class=\"fusion-carousel-item-wrapper\"><div class=\"fusion-image-wrapper hover-type-zoomin\"><img decoding=\"async\" width=\"274\" height=\"200\" src=\"https:\/\/peter-glass.de\/wp-content\/uploads\/2019\/09\/fklmh.png\" class=\"attachment-portfolio-two size-portfolio-two\" alt=\"\" srcset=\"https:\/\/peter-glass.de\/wp-content\/uploads\/2019\/09\/fklmh-200x146.png 200w, https:\/\/peter-glass.de\/wp-content\/uploads\/2019\/09\/fklmh.png 274w\" sizes=\"(min-width: 2200px) 100vw, (min-width: 712px) 544px, (min-width: 640px) 712px, \" \/><\/div><\/div><\/li><\/ul><div class=\"fusion-carousel-nav\"><button class=\"fusion-nav-prev awb-icon-left\" aria-label=\"Zur\u00fcck\"><\/button><button class=\"fusion-nav-next awb-icon-right\" aria-label=\"Vor\"><\/button><\/div><\/div><\/div><\/div><div class=\"fusion-clearfix\"><\/div><\/div><\/div><\/div><\/div>\n<\/p>\n","protected":false},"excerpt":{"rendered":"","protected":false},"author":1,"featured_media":0,"parent":0,"menu_order":0,"comment_status":"closed","ping_status":"closed","template":"100-width.php","meta":{"footnotes":""},"class_list":["post-361","page","type-page","status-publish","hentry"],"_links":{"self":[{"href":"https:\/\/peter-glass.de\/index.php\/wp-json\/wp\/v2\/pages\/361"}],"collection":[{"href":"https:\/\/peter-glass.de\/index.php\/wp-json\/wp\/v2\/pages"}],"about":[{"href":"https:\/\/peter-glass.de\/index.php\/wp-json\/wp\/v2\/types\/page"}],"author":[{"embeddable":true,"href":"https:\/\/peter-glass.de\/index.php\/wp-json\/wp\/v2\/users\/1"}],"replies":[{"embeddable":true,"href":"https:\/\/peter-glass.de\/index.php\/wp-json\/wp\/v2\/comments?post=361"}],"version-history":[{"count":11,"href":"https:\/\/peter-glass.de\/index.php\/wp-json\/wp\/v2\/pages\/361\/revisions"}],"predecessor-version":[{"id":375,"href":"https:\/\/peter-glass.de\/index.php\/wp-json\/wp\/v2\/pages\/361\/revisions\/375"}],"wp:attachment":[{"href":"https:\/\/peter-glass.de\/index.php\/wp-json\/wp\/v2\/media?parent=361"}],"curies":[{"name":"wp","href":"https:\/\/api.w.org\/{rel}","templated":true}]}}