{"id":12,"date":"2019-09-06T12:20:02","date_gmt":"2019-09-06T12:20:02","guid":{"rendered":"https:\/\/kammerjaeger-alfeld.de\/?page_id=12"},"modified":"2025-01-14T14:52:06","modified_gmt":"2025-01-14T14:52:06","slug":"peter-glass-schaedlingsbekaempfung-hygienedienstleistungen","status":"publish","type":"page","link":"https:\/\/peter-glass.de\/","title":{"rendered":"Peter Gla\u00df Sch\u00e4dlingsbek\u00e4mpfung &#038; Hygienedienstleistungen"},"content":{"rendered":"<p><div class=\"fusion-fullwidth fullwidth-box fusion-builder-row-1 nonhundred-percent-fullwidth non-hundred-percent-height-scrolling\" style=\"background-color: #eeb30d;background-position: center center;background-repeat: no-repeat;padding-top:0px;padding-right:0px;padding-bottom:0px;padding-left:0px;margin-bottom: 0px;margin-top: 0px;border-width: 0px 0px 0px 0px;border-color:#eae9e9;border-style:solid;\" ><div class=\"fusion-builder-row fusion-row\"><div class=\"fusion-layout-column fusion_builder_column fusion-builder-column-0 fusion_builder_column_1_1 1_1 fusion-one-full fusion-column-first fusion-column-last\" style=\"margin-top:0px;margin-bottom:0px;\"><div class=\"fusion-column-wrapper fusion-flex-column-wrapper-legacy\" style=\"background-position:left top;background-repeat:no-repeat;-webkit-background-size:cover;-moz-background-size:cover;-o-background-size:cover;background-size:cover;padding: 0px 0px 0px 0px;\"><style type=\"text\/css\"><\/style><div class=\"fusion-title title fusion-title-1 fusion-sep-none fusion-title-text fusion-title-size-one\" style=\"margin-top:45px;margin-right:0px;margin-bottom:0px;margin-left:0px;\"><h1 class=\"title-heading-left fusion-responsive-typography-calculated\" style=\"margin:0;color:#0f4ead;--fontSize:36;line-height:1.4;\">Sch\u00e4dlingsbek\u00e4mpfung vom Profi!<\/h1><\/div><div class=\"fusion-clearfix\"><\/div><\/div><\/div><\/div><\/div><div class=\"fusion-fullwidth fullwidth-box fusion-builder-row-2 nonhundred-percent-fullwidth non-hundred-percent-height-scrolling\" style=\"background-color: rgba(255,255,255,0);background-position: center center;background-repeat: no-repeat;padding-top:0px;padding-right:0px;padding-bottom:0px;padding-left:0px;margin-bottom: 0px;margin-top: 0px;border-width: 0px 0px 0px 0px;border-color:#eae9e9;border-style:solid;\" ><div class=\"fusion-builder-row fusion-row\"><div class=\"fusion-layout-column fusion_builder_column fusion-builder-column-1 fusion_builder_column_1_1 1_1 fusion-one-full fusion-column-first fusion-column-last\" style=\"margin-top:0px;margin-bottom:20px;\"><div class=\"fusion-column-wrapper fusion-flex-column-wrapper-legacy\" style=\"background-position:left top;background-blend-mode: overlay;background-repeat:no-repeat;-webkit-background-size:cover;-moz-background-size:cover;-o-background-size:cover;background-size:cover;padding: 0px 0px 0px 0px;\"><div class=\"fusion-section-separator section-separator big-half-circle fusion-section-separator-1\"><div class=\"fusion-section-separator-svg\" style=\"padding:0;margin-left: 0px;margin-right: 0px;\"><svg class=\"fusion-big-half-circle-candy\" xmlns=\"http:\/\/www.w3.org\/2000\/svg\" version=\"1.1\" width=\"100%\" height=\"100\" viewBox=\"0 0 100 100\" preserveAspectRatio=\"none\" style=\"padding:0;\" fill=\"rgba(238,179,13,1)\"><path d=\"M0 0 C55 180 100 0 100 0 Z\"><\/path><\/svg><\/div><div class=\"fusion-section-separator-spacer\"><div class=\"fusion-section-separator-spacer-height\" style=\"height:99px;\"><\/div><\/div><\/div><div class=\"fusion-alert alert custom alert-custom fusion-alert-left alert-dismissable alert-shadow fusion-animated\" role=\"alert\" style=\"background-color:#ffffff;color:#f3b90f;border-color:#f3b90f;border-width:4px;\" data-animationType=\"bounceInLeft\" data-animationDuration=\"1.0\" data-animationOffset=\"top-into-view\"><div class=\"fusion-alert-content-wrapper\"><span class=\"alert-icon\"><i class=\"fa-info fas\" aria-hidden=\"true\"><\/i><\/span><span class=\"fusion-alert-content\"><div class=\"col medium-6\">\n<p>Als Fachbetrieb f\u00fcr Sch\u00e4dlingsbek\u00e4mpfung, Schulung und Beratung begleiten wir Sie in allen Fragen umfassenden Qualit\u00e4tsmanagements (TQM).<\/p>\n<p>Auditoren unserer Kunden best\u00e4tigen uns seit Jahren ausgezeichnete Arbeit.<\/p>\n<\/div>\n<div class=\"col medium-6\">\n<p>Auch hierin werden wir unserer bisher bew\u00e4hrten Unternehmenskultur folgen:<\/p>\n<p>Wir m\u00f6chten Ihnen gern aufzeigen, was uns wichtig ist und wie wir arbeiten. Unser Firmenprofil, unsere aktuellen Kundeninformationen und unsere Dienstleistungen spiegeln dabei die st\u00e4ndigen Verbesserungen.<\/p>\n<\/div><\/span><\/div><button style=\"color:#f3b90f;border-color:#f3b90f;\" type=\"button\" class=\"close toggle-alert\" data-dismiss=\"alert\" aria-label=\"Close\">&times;<\/button><\/div><div class=\"fusion-clearfix\"><\/div><\/div><\/div><div class=\"fusion-layout-column fusion_builder_column fusion-builder-column-2 fusion_builder_column_1_1 1_1 fusion-one-full fusion-column-first fusion-column-last\" style=\"margin-top:0px;margin-bottom:20px;\"><div class=\"fusion-column-wrapper fusion-flex-column-wrapper-legacy\" style=\"background-position:left top;background-repeat:no-repeat;-webkit-background-size:cover;-moz-background-size:cover;-o-background-size:cover;background-size:cover;padding: 0px 0px 0px 0px;\"><div class=\"fusion-text fusion-text-1\"><p>Unser Ziel ist, werthaltige Ressourcen gesundheits-, umwelt- und tierschutzgerecht zu sch\u00fctzen. Im Audit anerkannter Zertifizierungsgesellschaften erzielen wir f\u00fcr unsere Kunden regelm\u00e4\u00dfig h\u00f6chste Wertungen.<\/p>\n<h2><strong>Dies erreichen wir durch:<\/strong><\/h2>\n<\/div><div class=\"fusion-clearfix\"><\/div><\/div><\/div><div class=\"fusion-layout-column fusion_builder_column fusion-builder-column-3 fusion_builder_column_1_2 1_2 fusion-one-half fusion-column-first\" style=\"width:50%;width:calc(50% - ( ( 4% ) * 0.5 ) );margin-right: 4%;margin-top:0px;margin-bottom:20px;\"><div class=\"fusion-column-wrapper fusion-flex-column-wrapper-legacy\" style=\"background-position:left top;background-repeat:no-repeat;-webkit-background-size:cover;-moz-background-size:cover;-o-background-size:cover;background-size:cover;padding: 0px 0px 0px 0px;\"><ul class=\"fusion-checklist fusion-checklist-1 fusion-checklist-divider\" style=\"font-size:22px;line-height:37.4px;\"><li style=\"border-bottom-color:#da9f07;background-color:rgba(255,255,255,0);\" class=\"fusion-li-item\"><span style=\"height:37.4px;width:37.4px;margin-right:15.4px;\" class=\"icon-wrapper circle-no\"><i class=\"fusion-li-icon fa-check fas\" style=\"color:#0f4ead;\" aria-hidden=\"true\"><\/i><\/span><div class=\"fusion-li-item-content\" style=\"margin-left:52.8px;color:#747474;\">\n<p>eine umfassende Kombination aus Sch\u00e4dlingsbek\u00e4mpfung, Hygieneschulung und Hygienekonzeption<\/p>\n<\/div><\/li><li style=\"border-bottom-color:#da9f07;background-color:rgba(255,255,255,0);\" class=\"fusion-li-item\"><span style=\"height:37.4px;width:37.4px;margin-right:15.4px;\" class=\"icon-wrapper circle-no\"><i class=\"fusion-li-icon fa-check fas\" style=\"color:#0f4ead;\" aria-hidden=\"true\"><\/i><\/span><div class=\"fusion-li-item-content\" style=\"margin-left:52.8px;color:#747474;\">\n<p>regelm\u00e4\u00dfige fachliche Weiterbildung<\/p>\n<\/div><\/li><li style=\"border-bottom-color:#da9f07;background-color:rgba(255,255,255,0);\" class=\"fusion-li-item\"><span style=\"height:37.4px;width:37.4px;margin-right:15.4px;\" class=\"icon-wrapper circle-no\"><i class=\"fusion-li-icon fa-check fas\" style=\"color:#0f4ead;\" aria-hidden=\"true\"><\/i><\/span><div class=\"fusion-li-item-content\" style=\"margin-left:52.8px;color:#747474;\">\n<p>Schulungen zu den Themenkreisen Hygiene und Qualit\u00e4t<\/p>\n<\/div><\/li><li style=\"border-bottom-color:#da9f07;background-color:rgba(255,255,255,0);\" class=\"fusion-li-item\"><span style=\"height:37.4px;width:37.4px;margin-right:15.4px;\" class=\"icon-wrapper circle-no\"><i class=\"fusion-li-icon fa-check fas\" style=\"color:#0f4ead;\" aria-hidden=\"true\"><\/i><\/span><div class=\"fusion-li-item-content\" style=\"margin-left:52.8px;color:#747474;\">\n<p>Erstellung und Einf\u00fchrung angepasster Hygiene-Konzepte<\/p>\n<\/div><\/li><li style=\"border-bottom-color:#da9f07;background-color:rgba(255,255,255,0);\" class=\"fusion-li-item\"><span style=\"height:37.4px;width:37.4px;margin-right:15.4px;\" class=\"icon-wrapper circle-no\"><i class=\"fusion-li-icon fa-check fas\" style=\"color:#0f4ead;\" aria-hidden=\"true\"><\/i><\/span><div class=\"fusion-li-item-content\" style=\"margin-left:52.8px;color:#747474;\">\n<p>audit- und zertifizierungssichere Dokumentation nach anerkannten Normen und Standards<\/p>\n<\/div><\/li><li style=\"border-bottom-color:#da9f07;background-color:rgba(255,255,255,0);\" class=\"fusion-li-item\"><span style=\"height:37.4px;width:37.4px;margin-right:15.4px;\" class=\"icon-wrapper circle-no\"><i class=\"fusion-li-icon fa-check fas\" style=\"color:#0f4ead;\" aria-hidden=\"true\"><\/i><\/span><div class=\"fusion-li-item-content\" style=\"margin-left:52.8px;color:#747474;\">\n<p>sicheren Online-Service f\u00fcr unsere Kunden<\/p>\n<\/div><\/li><\/ul><div class=\"fusion-clearfix\"><\/div><\/div><\/div><div class=\"fusion-layout-column fusion_builder_column fusion-builder-column-4 fusion_builder_column_1_2 1_2 fusion-one-half fusion-column-last\" style=\"width:50%;width:calc(50% - ( ( 4% ) * 0.5 ) );margin-top:0px;margin-bottom:20px;\"><div class=\"fusion-column-wrapper fusion-flex-column-wrapper-legacy\" style=\"background-position:left top;background-repeat:no-repeat;-webkit-background-size:cover;-moz-background-size:cover;-o-background-size:cover;background-size:cover;padding: 0px 0px 0px 0px;\"><ul class=\"fusion-checklist fusion-checklist-2 fusion-checklist-divider\" style=\"font-size:22px;line-height:37.4px;\"><li style=\"border-bottom-color:#da9f07;background-color:rgba(255,255,255,0);\" class=\"fusion-li-item\"><span style=\"height:37.4px;width:37.4px;margin-right:15.4px;\" class=\"icon-wrapper circle-no\"><i class=\"fusion-li-icon fa-check fas\" style=\"color:#0f4ead;\" aria-hidden=\"true\"><\/i><\/span><div class=\"fusion-li-item-content\" style=\"margin-left:52.8px;color:#747474;\">\n<p>vernetztes Denken und Handeln<\/p>\n<\/div><\/li><li style=\"border-bottom-color:#da9f07;background-color:rgba(255,255,255,0);\" class=\"fusion-li-item\"><span style=\"height:37.4px;width:37.4px;margin-right:15.4px;\" class=\"icon-wrapper circle-no\"><i class=\"fusion-li-icon fa-check fas\" style=\"color:#0f4ead;\" aria-hidden=\"true\"><\/i><\/span><div class=\"fusion-li-item-content\" style=\"margin-left:52.8px;color:#747474;\">\n<p>Kooperation mit kompetenten Partnern<\/p>\n<\/div><\/li><li style=\"border-bottom-color:#da9f07;background-color:rgba(255,255,255,0);\" class=\"fusion-li-item\"><span style=\"height:37.4px;width:37.4px;margin-right:15.4px;\" class=\"icon-wrapper circle-no\"><i class=\"fusion-li-icon fa-check fas\" style=\"color:#0f4ead;\" aria-hidden=\"true\"><\/i><\/span><div class=\"fusion-li-item-content\" style=\"margin-left:52.8px;color:#747474;\">\n<p>gesellschaftliche Mitverantwortung (CSR)<\/p>\n<\/div><\/li><li style=\"border-bottom-color:#da9f07;background-color:rgba(255,255,255,0);\" class=\"fusion-li-item\"><span style=\"height:37.4px;width:37.4px;margin-right:15.4px;\" class=\"icon-wrapper circle-no\"><i class=\"fusion-li-icon fa-check fas\" style=\"color:#0f4ead;\" aria-hidden=\"true\"><\/i><\/span><div class=\"fusion-li-item-content\" style=\"margin-left:52.8px;color:#747474;\">\n<p>faire Konditionen.<\/p>\n<\/div><\/li><\/ul><div class=\"fusion-clearfix\"><\/div><\/div><\/div><\/div><\/div><div class=\"fusion-fullwidth fullwidth-box fusion-builder-row-3 fusion-parallax-fixed nonhundred-percent-fullwidth non-hundred-percent-height-scrolling\" style=\"background-color: rgba(255,255,255,0);background-image: url(&quot;https:\/\/peter-glass.de\/wp-content\/uploads\/2019\/09\/kakerlakeback.jpg&quot;);background-position: center center;background-repeat: no-repeat;padding-top:100px;padding-right:0px;padding-bottom:100px;padding-left:0px;margin-bottom: 0px;margin-top: 0px;border-width: 0px 0px 0px 0px;border-color:#eae9e9;border-style:solid;-webkit-background-size:cover;-moz-background-size:cover;-o-background-size:cover;background-size:cover;background-attachment:fixed;\" ><div class=\"fusion-builder-row fusion-row\"><div class=\"fusion-layout-column fusion_builder_column fusion-builder-column-5 fusion_builder_column_1_4 1_4 fusion-one-fourth fusion-column-first fusion-animated\" style=\"width:25%;width:calc(25% - ( ( 4% + 4% + 4% ) * 0.25 ) );margin-right: 4%;margin-top:0px;margin-bottom:20px;\" data-animationType=\"slideInLeft\" data-animationDuration=\"1.0\" data-animationOffset=\"top-into-view\"><div class=\"fusion-column-wrapper fusion-flex-column-wrapper-legacy\" style=\"background-position:left top;background-repeat:no-repeat;-webkit-background-size:cover;-moz-background-size:cover;-o-background-size:cover;background-size:cover;padding: 0px 0px 0px 0px;\"><style type=\"text\/css\"><\/style><div class=\"fusion-title title fusion-title-2 fusion-sep-none fusion-title-center fusion-title-text fusion-title-size-two\" style=\"margin-top:0px;margin-right:0px;margin-bottom:31px;margin-left:0px;\"><h2 class=\"title-heading-center fusion-responsive-typography-calculated\" style=\"margin:0;color:#ffffff;--fontSize:22;--minFontSize:22px;line-height:1.5;\"><span style=\"color: #ffffff;\"><a style=\"color: #ffffff;\" href=\"https:\/\/peter-glass.de\/index.php\/hygiene\/\"><strong>Hygiene<\/strong><\/a><\/span><\/h2><\/div><div class=\"imageframe-align-center\"><span class=\" fusion-imageframe imageframe-none imageframe-1 hover-type-zoomin\"><a class=\"fusion-no-lightbox\" href=\"https:\/\/peter-glass.de\/index.php\/hygiene\/\" target=\"_self\" aria-label=\"hygiene\"><img decoding=\"async\" width=\"200\" height=\"200\" alt=\"Hygiene\" src=\"https:\/\/peter-glass.de\/wp-content\/uploads\/2019\/09\/hygiene.png\" class=\"img-responsive wp-image-47\" srcset=\"https:\/\/peter-glass.de\/wp-content\/uploads\/2019\/09\/hygiene-66x66.png 66w, https:\/\/peter-glass.de\/wp-content\/uploads\/2019\/09\/hygiene-150x150.png 150w, https:\/\/peter-glass.de\/wp-content\/uploads\/2019\/09\/hygiene.png 200w\" sizes=\"(max-width: 200px) 100vw, 200px\" \/><\/a><\/span><\/div><div class=\"fusion-clearfix\"><\/div><\/div><\/div><div class=\"fusion-layout-column fusion_builder_column fusion-builder-column-6 fusion_builder_column_1_4 1_4 fusion-one-fourth fusion-animated\" style=\"width:25%;width:calc(25% - ( ( 4% + 4% + 4% ) * 0.25 ) );margin-right: 4%;margin-top:0px;margin-bottom:20px;\" data-animationType=\"slideInDown\" data-animationDuration=\"1.0\" data-animationOffset=\"top-into-view\"><div class=\"fusion-column-wrapper fusion-flex-column-wrapper-legacy\" style=\"background-position:left top;background-repeat:no-repeat;-webkit-background-size:cover;-moz-background-size:cover;-o-background-size:cover;background-size:cover;padding: 0px 0px 0px 0px;\"><style type=\"text\/css\"><\/style><div class=\"fusion-title title fusion-title-3 fusion-sep-none fusion-title-center fusion-title-text fusion-title-size-two\" style=\"margin-top:0px;margin-right:0px;margin-bottom:31px;margin-left:0px;\"><h2 class=\"title-heading-center fusion-responsive-typography-calculated\" style=\"margin:0;color:#ffffff;--fontSize:22;--minFontSize:22px;line-height:1.5;\"><span style=\"color: #ffffff;\"><a style=\"color: #ffffff;\" href=\"https:\/\/peter-glass.de\/index.php\/schaedlingsbekaempfung\/\"><strong>Sch\u00e4dlingsbek\u00e4mpfung<\/strong><\/a><\/span><\/h2><\/div><div class=\"imageframe-align-center\"><span class=\" fusion-imageframe imageframe-none imageframe-2 hover-type-zoomin\"><a class=\"fusion-no-lightbox\" href=\"https:\/\/peter-glass.de\/index.php\/schaedlingsbekaempfung\/\" target=\"_self\" aria-label=\"hygiene\"><img decoding=\"async\" width=\"200\" height=\"200\" alt=\"Sch\u00e4dlingsbek\u00e4mpfung\" src=\"https:\/\/peter-glass.de\/wp-content\/uploads\/2022\/08\/hygiene.png\" class=\"img-responsive wp-image-425\" srcset=\"https:\/\/peter-glass.de\/wp-content\/uploads\/2022\/08\/hygiene-66x66.png 66w, https:\/\/peter-glass.de\/wp-content\/uploads\/2022\/08\/hygiene-150x150.png 150w, https:\/\/peter-glass.de\/wp-content\/uploads\/2022\/08\/hygiene.png 200w\" sizes=\"(max-width: 200px) 100vw, 200px\" \/><\/a><\/span><\/div><div class=\"fusion-clearfix\"><\/div><\/div><\/div><div class=\"fusion-layout-column fusion_builder_column fusion-builder-column-7 fusion_builder_column_1_4 1_4 fusion-one-fourth fusion-animated\" style=\"width:25%;width:calc(25% - ( ( 4% + 4% + 4% ) * 0.25 ) );margin-right: 4%;margin-top:0px;margin-bottom:20px;\" data-animationType=\"slideInUp\" data-animationDuration=\"1.0\" data-animationOffset=\"top-into-view\"><div class=\"fusion-column-wrapper fusion-flex-column-wrapper-legacy\" style=\"background-position:left top;background-repeat:no-repeat;-webkit-background-size:cover;-moz-background-size:cover;-o-background-size:cover;background-size:cover;padding: 0px 0px 0px 0px;\"><style type=\"text\/css\"><\/style><div class=\"fusion-title title fusion-title-4 fusion-sep-none fusion-title-center fusion-title-text fusion-title-size-two\" style=\"margin-top:0px;margin-right:0px;margin-bottom:31px;margin-left:0px;\"><h2 class=\"title-heading-center fusion-responsive-typography-calculated\" style=\"margin:0;color:#ffffff;--fontSize:22;--minFontSize:22px;line-height:1.5;\"><a href=\"https:\/\/peter-glass.de\/index.php\/schulungen\/\"><span style=\"color: #ffffff;\"><strong>Schulungen<\/strong><\/span><\/a><\/h2><\/div><div class=\"imageframe-align-center\"><span class=\" fusion-imageframe imageframe-none imageframe-3 hover-type-zoomin\"><a class=\"fusion-no-lightbox\" href=\"https:\/\/peter-glass.de\/index.php\/schulungen\/\" target=\"_self\" aria-label=\"schulungen\"><img decoding=\"async\" width=\"200\" height=\"200\" alt=\"Schulungen\" src=\"https:\/\/peter-glass.de\/wp-content\/uploads\/2019\/09\/schulungen.png\" class=\"img-responsive wp-image-49\" srcset=\"https:\/\/peter-glass.de\/wp-content\/uploads\/2019\/09\/schulungen-66x66.png 66w, https:\/\/peter-glass.de\/wp-content\/uploads\/2019\/09\/schulungen-150x150.png 150w, https:\/\/peter-glass.de\/wp-content\/uploads\/2019\/09\/schulungen.png 200w\" sizes=\"(max-width: 200px) 100vw, 200px\" \/><\/a><\/span><\/div><div class=\"fusion-clearfix\"><\/div><\/div><\/div><div class=\"fusion-layout-column fusion_builder_column fusion-builder-column-8 fusion_builder_column_1_4 1_4 fusion-one-fourth fusion-column-last fusion-animated\" style=\"width:25%;width:calc(25% - ( ( 4% + 4% + 4% ) * 0.25 ) );margin-top:0px;margin-bottom:20px;\" data-animationType=\"slideInRight\" data-animationDuration=\"1.0\" data-animationOffset=\"top-into-view\"><div class=\"fusion-column-wrapper fusion-flex-column-wrapper-legacy\" style=\"background-position:left top;background-repeat:no-repeat;-webkit-background-size:cover;-moz-background-size:cover;-o-background-size:cover;background-size:cover;padding: 0px 0px 0px 0px;\"><style type=\"text\/css\"><\/style><div class=\"fusion-title title fusion-title-5 fusion-sep-none fusion-title-center fusion-title-text fusion-title-size-two\" style=\"margin-top:0px;margin-right:0px;margin-bottom:31px;margin-left:0px;\"><h2 class=\"title-heading-center fusion-responsive-typography-calculated\" style=\"margin:0;color:#ffffff;--fontSize:22;--minFontSize:22px;line-height:1.5;\"><span style=\"color: #ffffff;\"><a style=\"color: #ffffff;\" href=\"https:\/\/peter-glass.de\/index.php\/weiter-leistungen\/\"><strong>weitere Leistungen<\/strong><\/a><\/span><\/h2><\/div><div class=\"imageframe-align-center\"><span class=\" fusion-imageframe imageframe-none imageframe-4 hover-type-zoomin\"><a class=\"fusion-no-lightbox\" href=\"https:\/\/peter-glass.de\/index.php\/weiter-leistungen\/\" target=\"_self\" aria-label=\"weitere_leistungen\"><img decoding=\"async\" width=\"200\" height=\"200\" alt=\"weitere Leistungen\" src=\"https:\/\/peter-glass.de\/wp-content\/uploads\/2019\/09\/weitere_leistungen.png\" class=\"img-responsive wp-image-53\" srcset=\"https:\/\/peter-glass.de\/wp-content\/uploads\/2019\/09\/weitere_leistungen-66x66.png 66w, https:\/\/peter-glass.de\/wp-content\/uploads\/2019\/09\/weitere_leistungen-150x150.png 150w, https:\/\/peter-glass.de\/wp-content\/uploads\/2019\/09\/weitere_leistungen.png 200w\" sizes=\"(max-width: 200px) 100vw, 200px\" \/><\/a><\/span><\/div><div class=\"fusion-clearfix\"><\/div><\/div><\/div><\/div><\/div>\n<div class=\"fusion-fullwidth fullwidth-box fusion-builder-row-4 nonhundred-percent-fullwidth non-hundred-percent-height-scrolling\" style=\"background-color: rgba(255,255,255,0);background-position: center center;background-repeat: no-repeat;padding-top:0px;padding-right:0px;padding-bottom:0px;padding-left:0px;margin-bottom: 0px;margin-top: 0px;border-width: 0px 0px 0px 0px;border-color:#eae9e9;border-style:solid;\" ><div class=\"fusion-builder-row fusion-row\"><div class=\"fusion-layout-column fusion_builder_column fusion-builder-column-9 fusion_builder_column_1_1 1_1 fusion-one-full fusion-column-first fusion-column-last\" style=\"margin-top:0px;margin-bottom:20px;\"><div class=\"fusion-column-wrapper fusion-flex-column-wrapper-legacy\" style=\"background-position:left top;background-repeat:no-repeat;-webkit-background-size:cover;-moz-background-size:cover;-o-background-size:cover;background-size:cover;padding: 0px 0px 0px 0px;\"><style type=\"text\/css\"><\/style><div class=\"fusion-title title fusion-title-6 fusion-sep-none fusion-title-center fusion-title-text fusion-title-size-two\" style=\"font-size:36px;margin-top:25px;margin-right:0px;margin-bottom:31px;margin-left:0px;\"><h2 class=\"title-heading-center fusion-responsive-typography-calculated\" style=\"margin:0;font-size:1em;letter-spacing:15px;color:#fcb900;--fontSize:36;line-height:1.5;\"><strong>Verb\u00e4nde und Vereine<\/strong><\/h2><\/div><div class=\"fusion-image-carousel fusion-image-carousel-fixed fusion-image-carousel-1\"><div class=\"fusion-carousel\" data-autoplay=\"no\" data-columns=\"3\" data-itemmargin=\"12\" data-itemwidth=\"180\" data-touchscroll=\"no\" data-imagesize=\"fixed\"><div class=\"fusion-carousel-positioner\"><ul class=\"fusion-carousel-holder\"><li class=\"fusion-carousel-item\"><div class=\"fusion-carousel-item-wrapper\"><div class=\"fusion-image-wrapper hover-type-zoomin\"><img decoding=\"async\" width=\"460\" height=\"200\" src=\"https:\/\/peter-glass.de\/wp-content\/uploads\/2019\/09\/2009_2-460x200.png\" class=\"attachment-portfolio-two size-portfolio-two\" alt=\"\" \/><\/div><\/div><\/li><li class=\"fusion-carousel-item\"><div class=\"fusion-carousel-item-wrapper\"><div class=\"fusion-image-wrapper hover-type-zoomin\"><img decoding=\"async\" width=\"274\" height=\"200\" src=\"https:\/\/peter-glass.de\/wp-content\/uploads\/2019\/09\/fklmh.png\" class=\"attachment-portfolio-two size-portfolio-two\" alt=\"\" srcset=\"https:\/\/peter-glass.de\/wp-content\/uploads\/2019\/09\/fklmh-200x146.png 200w, https:\/\/peter-glass.de\/wp-content\/uploads\/2019\/09\/fklmh.png 274w\" sizes=\"(min-width: 2200px) 100vw, (min-width: 712px) 544px, (min-width: 640px) 712px, \" \/><\/div><\/div><\/li><\/ul><div class=\"fusion-carousel-nav\"><button class=\"fusion-nav-prev awb-icon-left\" aria-label=\"Zur\u00fcck\"><\/button><button class=\"fusion-nav-next awb-icon-right\" aria-label=\"Vor\"><\/button><\/div><\/div><\/div><\/div><div class=\"fusion-clearfix\"><\/div><\/div><\/div><\/div><\/div>\n<\/p>\n","protected":false},"excerpt":{"rendered":"","protected":false},"author":1,"featured_media":0,"parent":0,"menu_order":0,"comment_status":"closed","ping_status":"closed","template":"100-width.php","meta":{"footnotes":""},"class_list":["post-12","page","type-page","status-publish","hentry"],"_links":{"self":[{"href":"https:\/\/peter-glass.de\/index.php\/wp-json\/wp\/v2\/pages\/12"}],"collection":[{"href":"https:\/\/peter-glass.de\/index.php\/wp-json\/wp\/v2\/pages"}],"about":[{"href":"https:\/\/peter-glass.de\/index.php\/wp-json\/wp\/v2\/types\/page"}],"author":[{"embeddable":true,"href":"https:\/\/peter-glass.de\/index.php\/wp-json\/wp\/v2\/users\/1"}],"replies":[{"embeddable":true,"href":"https:\/\/peter-glass.de\/index.php\/wp-json\/wp\/v2\/comments?post=12"}],"version-history":[{"count":60,"href":"https:\/\/peter-glass.de\/index.php\/wp-json\/wp\/v2\/pages\/12\/revisions"}],"predecessor-version":[{"id":439,"href":"https:\/\/peter-glass.de\/index.php\/wp-json\/wp\/v2\/pages\/12\/revisions\/439"}],"wp:attachment":[{"href":"https:\/\/peter-glass.de\/index.php\/wp-json\/wp\/v2\/media?parent=12"}],"curies":[{"name":"wp","href":"https:\/\/api.w.org\/{rel}","templated":true}]}}